{"id":101617,"date":"2025-03-16T12:56:10","date_gmt":"2025-03-16T12:56:10","guid":{"rendered":"https:\/\/milloret.com\/?page_id=101617"},"modified":"2025-04-24T12:34:37","modified_gmt":"2025-04-24T12:34:37","slug":"seo-12","status":"publish","type":"page","link":"https:\/\/milloret.com\/it\/seo-12\/","title":{"rendered":"SEO-12"},"content":{"rendered":"<div id=\"dslc-theme-content\"><div id=\"dslc-theme-content-inner\"><div id=\"dslc-main\">\n<div  class=\"dslc-modules-section\" style=\"padding-bottom:0px;padding-top:0px;border-color:rgb(241, 241, 241);border-width:1px;border-right-style: hidden; border-bottom-style: hidden; border-left-style: hidden; \" data-section-id=\"7422c2c2876\">\n<div class=\"dslc-modules-section-wrapper dslc-clearfix\">\n<style type=\"text\/css\" id=\"dslca-modules-area-\"><\/style>\n<div  class=\"dslc-modules-area dslc-col dslc-12-col dslc-last-col dslc-valign-\" data-size=\"12\" data-valign=\"\" data-modules-area-id=\"\" >\n<div id=\"dslc-module-a5f64970f09\" class=\"dslc-module-front dslc-module-DSLC_Separator dslc-in-viewport-check dslc-in-viewport-anim-none  dslc-col dslc-12-col dslc-last-col  dslc-module-handle-like-regular\" data-module-id=\"a5f64970f09\" data-module=\"DSLC_Separator\" data-dslc-module-size=\"12\" data-dslc-anim=\"none\" data-dslc-anim-delay=\"0\" data-dslc-anim-duration=\"650\"  data-dslc-anim-easing=\"ease\" data-dslc-preset=\"none\" >\n<div class=\"dslc-separator-wrapper\">\n<div class=\"dslc-separator dslc-separator-style-invisible\">\n\t\t\t\t\t\t\t\t\t<\/div>\n<div><\/div>\n<\/p><\/div>\n<p><!-- .dslc-separator-wrapper --><\/p><\/div>\n<p><!-- .dslc-module --><\/p>\n<div id=\"dslc-module-1f8a11e724e\" class=\"dslc-module-front dslc-module-DSLC_Html dslc-in-viewport-check dslc-in-viewport-anim-none  dslc-col dslc-12-col dslc-last-col  dslc-module-handle-like-regular\" data-module-id=\"1f8a11e724e\" data-module=\"DSLC_Html\" data-dslc-module-size=\"12\" data-dslc-anim=\"none\" data-dslc-anim-delay=\"0\" data-dslc-anim-duration=\"650\"  data-dslc-anim-easing=\"ease\" data-dslc-preset=\"none\" >\n<div class=\"dslc-html-module-content\"><a href=\"\/it\/pacchetti-seo\/\" class=\"back-button\">\u2190 Torna ai pacchetti SEO<\/a><\/div>\n<\/p><\/div>\n<p><!-- .dslc-module --><\/p>\n<div id=\"dslc-module-v4t2o2gj6rs\" class=\"dslc-module-front dslc-module-DSLC_Separator dslc-in-viewport-check dslc-in-viewport-anim-none  dslc-col dslc-12-col dslc-last-col  dslc-module-handle-like-regular\" data-module-id=\"v4t2o2gj6rs\" data-module=\"DSLC_Separator\" data-dslc-module-size=\"12\" data-dslc-anim=\"none\" data-dslc-anim-delay=\"0\" data-dslc-anim-duration=\"650\"  data-dslc-anim-easing=\"ease\" data-dslc-preset=\"none\" >\n<div class=\"dslc-separator-wrapper\">\n<div class=\"dslc-separator dslc-separator-style-invisible\">\n\t\t\t\t\t\t\t\t\t<\/div>\n<div><\/div>\n<\/p><\/div>\n<p><!-- .dslc-separator-wrapper --><\/p><\/div>\n<p><!-- .dslc-module -->\n\t\t<\/div>\n<style type=\"text\/css\" id=\"dslca-modules-area-\"><\/style>\n<div  class=\"dslc-modules-area dslc-col dslc-4-col dslc-first-col dslc-valign-\" data-size=\"4\" data-valign=\"\" data-modules-area-id=\"\" >\n<div id=\"dslc-module-e54a2161f87\" class=\"dslc-module-front dslc-module-DSLC_Image dslc-in-viewport-check dslc-in-viewport-anim-none  dslc-col dslc-12-col dslc-last-col  dslc-module-handle-like-regular\" data-module-id=\"e54a2161f87\" data-module=\"DSLC_Image\" data-dslc-module-size=\"12\" data-dslc-anim=\"none\" data-dslc-anim-delay=\"0\" data-dslc-anim-duration=\"650\"  data-dslc-anim-easing=\"ease\" data-dslc-preset=\"none\" >\n<div class=\"dslc-image-container\">\n<div class=\"dslc-image\">\n<p>\t\t\t\t\t\t\t\t\t<img decoding=\"async\" src=\"https:\/\/milloret.com\/wp-content\/uploads\/seo12.webp\" alt=\"\" title=\"\" srcset=\"https:\/\/milloret.com\/wp-content\/uploads\/seo12.webp 550w, https:\/\/milloret.com\/wp-content\/uploads\/seo12-300x176.webp 300w\" sizes=\"(max-width: 550px) 100vw, 550px\" \/><\/p><\/div>\n<p><!-- .dslc-image -->\n\t\t<\/div>\n<\/p><\/div>\n<p><!-- .dslc-module -->\n\t\t<\/div>\n<style type=\"text\/css\" id=\"dslca-modules-area-\"><\/style>\n<div  class=\"dslc-modules-area dslc-col dslc-1-col  dslc-valign-\" data-size=\"1\" data-valign=\"\" data-modules-area-id=\"\" >\n<div id=\"dslc-module-552762b8bf5\" class=\"dslc-module-front dslc-module-DSLC_Separator dslc-in-viewport-check dslc-in-viewport-anim-none  dslc-col dslc-12-col dslc-last-col  dslc-module-handle-like-regular\" data-module-id=\"552762b8bf5\" data-module=\"DSLC_Separator\" data-dslc-module-size=\"12\" data-dslc-anim=\"none\" data-dslc-anim-delay=\"0\" data-dslc-anim-duration=\"650\"  data-dslc-anim-easing=\"ease\" data-dslc-preset=\"none\" >\n<div class=\"dslc-separator-wrapper\">\n<div class=\"dslc-separator dslc-separator-style-invisible\">\n\t\t\t\t\t\t\t\t\t<\/div>\n<div><\/div>\n<\/p><\/div>\n<p><!-- .dslc-separator-wrapper --><\/p><\/div>\n<p><!-- .dslc-module -->\n\t\t<\/div>\n<style type=\"text\/css\" id=\"dslca-modules-area-\"><\/style>\n<div  class=\"dslc-modules-area dslc-col dslc-6-col  dslc-valign-\" data-size=\"6\" data-valign=\"\" data-modules-area-id=\"\" >\n<div id=\"dslc-module-5eb4e78fafc\" class=\"dslc-module-front dslc-module-DSLC_Text_Simple dslc-in-viewport-check dslc-in-viewport-anim-none  dslc-col dslc-12-col dslc-last-col  dslc-module-handle-like-regular\" data-module-id=\"5eb4e78fafc\" data-module=\"DSLC_Text_Simple\" data-dslc-module-size=\"12\" data-dslc-anim=\"none\" data-dslc-anim-delay=\"0\" data-dslc-anim-duration=\"650\"  data-dslc-anim-easing=\"ease\" data-dslc-preset=\"none\" >\n<div class=\"dslc-text-module-content\">\n<h1>Servizio &quot;SEO-12&quot; per il tuo sito web per 30 giorni<\/h1>\n<\/p><\/div>\n<\/p><\/div>\n<p><!-- .dslc-module --><\/p>\n<div id=\"dslc-module-daaa97f0c1d\" class=\"dslc-module-front dslc-module-DSLC_Button dslc-in-viewport-check dslc-in-viewport-anim-none  dslc-col dslc-9-col  dslc-module-handle-like-regular\" data-module-id=\"daaa97f0c1d\" data-module=\"DSLC_Button\" data-dslc-module-size=\"9\" data-dslc-anim=\"none\" data-dslc-anim-delay=\"0\" data-dslc-anim-duration=\"650\"  data-dslc-anim-easing=\"ease\" data-dslc-preset=\"none\" >\n<div class=\"dslc-button\">\n\t\t\t\t\t\t\t\t\t<a href=\"https:\/\/milloret.com\/it\/ordinare-servizio-seo-per-30-giorni\/\" target=\"_self\"  onclick=\"\" class=\"\"><br \/>\n\t\t\t\t\t\t\t\t\t\t\t\t\t\t\t\t\t\t\t\t\t<span class=\"dslc-icon dslc-icon-\"><\/span><br \/>\n\t\t\t\t\t\t\t\t\t\t\t\t\t\t\t\t\t\t\t\t\t\t\t\t\t\t<span>Acquista questo pacchetto<\/span><br \/>\n\t\t\t\t\t\t\t\t\t\t\t\t\t\t\t\t\t<\/a>\n\t\t\t\t\t\t\t<\/div>\n<p><!-- .dslc-button --><\/p><\/div>\n<p><!-- .dslc-module --><\/p>\n<div id=\"dslc-module-b187896fd55\" class=\"dslc-module-front dslc-module-DSLC_TP_Content dslc-in-viewport-check dslc-in-viewport-anim-none  dslc-col dslc-12-col  dslc-module-handle-like-regular\" data-module-id=\"b187896fd55\" data-module=\"DSLC_TP_Content\" data-dslc-module-size=\"12\" data-dslc-anim=\"none\" data-dslc-anim-delay=\"0\" data-dslc-anim-duration=\"650\"  data-dslc-anim-easing=\"ease\" data-dslc-preset=\"none\" >\n<div class=\"dslc-tp-content\">\n\t\t\t\t\t<\/div>\n<\/p><\/div>\n<p><!-- .dslc-module -->\n\t\t<\/div>\n<style type=\"text\/css\" id=\"dslca-modules-area-\"><\/style>\n<div  class=\"dslc-modules-area dslc-col dslc-12-col dslc-first-col dslc-valign-\" data-size=\"12\" data-valign=\"\" data-modules-area-id=\"\" >\n<div id=\"dslc-module-2ca45ed8c46\" class=\"dslc-module-front dslc-module-DSLC_Separator dslc-in-viewport-check dslc-in-viewport-anim-none  dslc-col dslc-12-col dslc-last-col  dslc-module-handle-like-regular\" data-module-id=\"2ca45ed8c46\" data-module=\"DSLC_Separator\" data-dslc-module-size=\"12\" data-dslc-anim=\"none\" data-dslc-anim-delay=\"0\" data-dslc-anim-duration=\"650\"  data-dslc-anim-easing=\"ease\" data-dslc-preset=\"none\" >\n<div class=\"dslc-separator-wrapper\">\n<div class=\"dslc-separator dslc-separator-style-invisible\">\n\t\t\t\t\t\t\t\t\t<\/div>\n<div><\/div>\n<\/p><\/div>\n<p><!-- .dslc-separator-wrapper --><\/p><\/div>\n<p><!-- .dslc-module -->\n\t\t<\/div>\n<\/div>\n<\/div>\n<div  class=\"dslc-modules-section\" style=\"padding-bottom:40px;padding-top:40px;border-color:rgb(238, 238, 238);border-width:1px;\" data-section-id=\"26d64a34203\">\n<div class=\"dslc-modules-section-wrapper dslc-clearfix\">\n<style type=\"text\/css\" id=\"dslca-modules-area-\"><\/style>\n<div  class=\"dslc-modules-area dslc-col dslc-12-col dslc-last-col dslc-valign-\" data-size=\"12\" data-valign=\"\" data-modules-area-id=\"\" >\n<div id=\"dslc-module-bae915c13ea\" class=\"dslc-module-front dslc-module-DSLC_Text_Simple dslc-in-viewport-check dslc-in-viewport-anim-none  dslc-col dslc-12-col dslc-last-col  dslc-module-handle-like-regular\" data-module-id=\"bae915c13ea\" data-module=\"DSLC_Text_Simple\" data-dslc-module-size=\"12\" data-dslc-anim=\"none\" data-dslc-anim-delay=\"0\" data-dslc-anim-duration=\"650\"  data-dslc-anim-easing=\"ease\" data-dslc-preset=\"none\" >\n<div class=\"dslc-text-module-content\">\n<h2>Descrizione<\/h2>\n<h3>Servizio SEO per un mese per $275<\/h3>\n<p><\/p>\n<p>In base al livello del sito web indicato\u00a0<strong>autorit\u00e0 e ottimizzazione<\/strong>, selezioniamo un insieme appropriato di azioni.<\/p>\n<p class=\"has-background\" style=\"background-color:#d8ffcc; padding-left:16px; padding-top:16px; padding-bottom:16px\"><strong>UN<\/strong>\u00a0- la qualit\u00e0 e l&#039;ottimizzazione del sito web sono\u00a0<strong>- ALTO<\/strong><\/p>\n<p class=\"has-background\" style=\"background-color:#ffffb3; padding-left:16px; padding-top:16px; padding-bottom:16px\"><strong>B<\/strong>\u00a0- la qualit\u00e0 e l&#039;ottimizzazione del sito web sono\u00a0<strong>- MEDIO<\/strong><\/p>\n<p class=\"has-background\" style=\"background-color:#ffd6cc; padding-left:16px; padding-top:16px; padding-bottom:16px\"><strong>C<\/strong>\u00a0- la qualit\u00e0 e l&#039;ottimizzazione del sito web sono<strong>\u00a0- BASSO<\/strong><\/p>\n<p><\/p>\n<p><strong>Ecco cosa faremo per ogni livello del progetto che ci viene assegnato:<\/strong><\/p>\n<p class=\"has-background\" style=\"background-color:#d8ffcc; padding-left:16px; padding-top:16px; padding-bottom:16px\"><strong>Livello A<\/strong>:<br \/>1) audit settimanale automatico, pagine <strong>\u2014 6000<\/strong><br \/>2) CHECK mensile dei parametri\/errori tecnici SEO fino a <strong>\u2014 60<\/strong><br \/>3) Correzione mensile dei parametri\/errori SEO tecnici fino a <strong>\u2014 60<\/strong><br \/>4) Correzione mensile dei parametri\/errori SEO tecnici per il numero di pagine <strong>\u2014 12<\/strong><br \/>5) monitoraggio giornaliero della classifica per Google, Yahoo e Bing per un paese\/regione, numero di parole chiave <strong>\u2014 12<\/strong><br \/>6) guest post mensili <strong>\u2014 1<\/strong><br \/>7) post settimanali: brevi backlink tematici e\/o citazioni locali e\/o post sul forum e\/o creazione di profili <strong>\u2014 0<\/strong><\/p>\n<p class=\"has-background\" style=\"background-color:#ffffb3; padding-left:16px; padding-top:16px; padding-bottom:16px\"><strong>Livello B:<\/strong><br \/>1) controllo automatico settimanale, pagine \u2014 <strong>300<\/strong><br \/>2) CONTROLLO mensile dei parametri\/errori SEO tecnici fino a \u2014 <strong>120<\/strong><br \/>3) Correzione mensile dei parametri\/errori SEO tecnici fino a \u2014 <strong>120<\/strong><br \/>4) Correzione mensile dei parametri\/errori SEO tecnici per il numero di pagine \u2014 <strong>12<\/strong><br \/>5) monitoraggio giornaliero della classifica per Google, Yahoo e Bing per un paese\/regione, numero di parole chiave \u2014 <strong>12<\/strong><br \/>6) guest post mensili \u2014 <strong>0<\/strong><br \/>7) post settimanali: piccoli backlink tematici di testo e\/o citazioni locali e\/o post sul forum e\/o creazione di profili \u2014 <strong>30<\/strong><\/p>\n<p class=\"has-background\" style=\"background-color:#ffd6cc; padding-left:16px; padding-top:16px; padding-bottom:16px\"><strong>Livello C:<\/strong><br \/>1) controllo automatico settimanale, pagine \u2014 <strong>1200<\/strong><br \/>2) CONTROLLO mensile dei parametri\/errori SEO tecnici fino a \u2014 <strong>300<\/strong><br \/>3) Correzione mensile dei parametri\/errori SEO tecnici fino a \u2014 <strong>300<\/strong><br \/>4) Correzione mensile dei parametri\/errori SEO tecnici per il numero di pagine \u2014 <strong>12<\/strong><br \/>5) monitoraggio giornaliero della classifica per Google, Yahoo e Bing per un paese\/regione, numero di parole chiave \u2014 <strong>12<\/strong><br \/>6) guest post mensili \u2014<strong> 1<\/strong><br \/>7) post settimanali: piccoli backlink tematici di testo e\/o citazioni locali e\/o post sul forum e\/o creazione di profili \u2014 <strong>60<\/strong><\/p>\n<p><\/p>\n<h3>Ulteriori informazioni:\u00a0<\/h3>\n<p>1) Scegliamo le parole chiave giuste in base al livello di concorrenza e alle possibilit\u00e0 di business del nostro cliente.<br \/>2) Ottimizziamo i contenuti in base alle parole chiave scelte.<br \/>3) Colleghiamo (se mancante) il sito del cliente a Google Search Console e analizziamo i problemi che si verificano con il sito web dal punto di vista di Google.<br \/>4) \u00c8 necessario condividere con noi l&#039;accesso a Google Analytics per analizzare le statistiche e individuare eventuali problemi di performance. Potremmo installare Google Analytics autonomamente, se ne abbiamo accesso.<br \/>5) Il nostro audit settimanale sar\u00e0 online e disponibile 24 ore su 24, 7 giorni su 7 per il cliente, e indicher\u00e0 i problemi pi\u00f9 importanti del sito e le classifiche attuali su Google, Yahoo e Bing.<br \/>6) Il pacchetto include consulenza su argomenti SEO e marketing su Internet.<\/p>\n<p>Questo servizio \u00e8 offerto in tutte le principali lingue.<\/p>\n<p>Non lavoriamo con contenuti immorali (per adulti, escort, gioco d&#039;azzardo, tabacco, alcol, droghe) e altri contenuti problematici\/illegali!<\/p>\n<\/p><\/div>\n<\/p><\/div>\n<p><!-- .dslc-module -->\n\t\t<\/div>\n<\/div>\n<\/div>\n<\/div>\n<\/div><\/div>","protected":false},"excerpt":{"rendered":"<p>\u2190 Back to SEO Packages \"SEO-12\" Service For Your Website During 30 Days Buy this package Description SEO service for one month for $275 According to the given website level of\u00a0authority and optimization, we select a proper set of actions. A\u00a0- website's quality and optimization are\u00a0- HIGH B\u00a0- website's quality and optimization are\u00a0- MEDIUM C\u00a0- [&hellip;]<\/p>\n","protected":false},"author":2,"featured_media":0,"parent":0,"menu_order":0,"comment_status":"closed","ping_status":"closed","template":"","meta":{"footnotes":""},"class_list":["post-101617","page","type-page","status-publish","hentry"],"aioseo_notices":[],"_links":{"self":[{"href":"https:\/\/milloret.com\/it\/wp-json\/wp\/v2\/pages\/101617","targetHints":{"allow":["GET"]}}],"collection":[{"href":"https:\/\/milloret.com\/it\/wp-json\/wp\/v2\/pages"}],"about":[{"href":"https:\/\/milloret.com\/it\/wp-json\/wp\/v2\/types\/page"}],"author":[{"embeddable":true,"href":"https:\/\/milloret.com\/it\/wp-json\/wp\/v2\/users\/2"}],"replies":[{"embeddable":true,"href":"https:\/\/milloret.com\/it\/wp-json\/wp\/v2\/comments?post=101617"}],"version-history":[{"count":1,"href":"https:\/\/milloret.com\/it\/wp-json\/wp\/v2\/pages\/101617\/revisions"}],"predecessor-version":[{"id":101618,"href":"https:\/\/milloret.com\/it\/wp-json\/wp\/v2\/pages\/101617\/revisions\/101618"}],"wp:attachment":[{"href":"https:\/\/milloret.com\/it\/wp-json\/wp\/v2\/media?parent=101617"}],"curies":[{"name":"parola chiave","href":"https:\/\/api.w.org\/{rel}","templated":true}]}}