{"id":101612,"date":"2025-03-16T12:55:17","date_gmt":"2025-03-16T12:55:17","guid":{"rendered":"https:\/\/milloret.com\/?page_id=101612"},"modified":"2025-04-24T12:33:24","modified_gmt":"2025-04-24T12:33:24","slug":"seo-10","status":"publish","type":"page","link":"https:\/\/milloret.com\/fr\/seo-10\/","title":{"rendered":"SEO-10"},"content":{"rendered":"<div id=\"dslc-theme-content\"><div id=\"dslc-theme-content-inner\"><div id=\"dslc-main\">\n<div  class=\"dslc-modules-section\" style=\"padding-bottom:0px;padding-top:0px;border-color:rgb(241, 241, 241);border-width:1px;border-right-style: hidden; border-bottom-style: hidden; border-left-style: hidden; \" data-section-id=\"cf3aad0a0c1\">\n<div class=\"dslc-modules-section-wrapper dslc-clearfix\">\n<style type=\"text\/css\" id=\"dslca-modules-area-\"><\/style>\n<div  class=\"dslc-modules-area dslc-col dslc-12-col dslc-last-col dslc-valign-\" data-size=\"12\" data-valign=\"\" data-modules-area-id=\"\" >\n<div id=\"dslc-module-adc8aa1ca62\" class=\"dslc-module-front dslc-module-DSLC_Separator dslc-in-viewport-check dslc-in-viewport-anim-none  dslc-col dslc-12-col dslc-last-col  dslc-module-handle-like-regular\" data-module-id=\"adc8aa1ca62\" data-module=\"DSLC_Separator\" data-dslc-module-size=\"12\" data-dslc-anim=\"none\" data-dslc-anim-delay=\"0\" data-dslc-anim-duration=\"650\"  data-dslc-anim-easing=\"ease\" data-dslc-preset=\"none\" >\n<div class=\"dslc-separator-wrapper\">\n<div class=\"dslc-separator dslc-separator-style-invisible\">\n\t\t\t\t\t\t\t\t\t<\/div>\n<div><\/div>\n<\/p><\/div>\n<p><!-- .dslc-separator-wrapper --><\/p><\/div>\n<p><!-- .dslc-module --><\/p>\n<div id=\"dslc-module-cd4e08b7b76\" class=\"dslc-module-front dslc-module-DSLC_Html dslc-in-viewport-check dslc-in-viewport-anim-none  dslc-col dslc-12-col dslc-last-col  dslc-module-handle-like-regular\" data-module-id=\"cd4e08b7b76\" data-module=\"DSLC_Html\" data-dslc-module-size=\"12\" data-dslc-anim=\"none\" data-dslc-anim-delay=\"0\" data-dslc-anim-duration=\"650\"  data-dslc-anim-easing=\"ease\" data-dslc-preset=\"none\" >\n<div class=\"dslc-html-module-content\"><a href=\"\/fr\/packs-seo\/\" class=\"back-button\">\u2190 Retour aux forfaits SEO<\/a><\/div>\n<\/p><\/div>\n<p><!-- .dslc-module --><\/p>\n<div id=\"dslc-module-o35k9bmg7b4\" class=\"dslc-module-front dslc-module-DSLC_Separator dslc-in-viewport-check dslc-in-viewport-anim-none  dslc-col dslc-12-col dslc-last-col  dslc-module-handle-like-regular\" data-module-id=\"o35k9bmg7b4\" data-module=\"DSLC_Separator\" data-dslc-module-size=\"12\" data-dslc-anim=\"none\" data-dslc-anim-delay=\"0\" data-dslc-anim-duration=\"650\"  data-dslc-anim-easing=\"ease\" data-dslc-preset=\"none\" >\n<div class=\"dslc-separator-wrapper\">\n<div class=\"dslc-separator dslc-separator-style-invisible\">\n\t\t\t\t\t\t\t\t\t<\/div>\n<div><\/div>\n<\/p><\/div>\n<p><!-- .dslc-separator-wrapper --><\/p><\/div>\n<p><!-- .dslc-module -->\n\t\t<\/div>\n<style type=\"text\/css\" id=\"dslca-modules-area-\"><\/style>\n<div  class=\"dslc-modules-area dslc-col dslc-4-col dslc-first-col dslc-valign-\" data-size=\"4\" data-valign=\"\" data-modules-area-id=\"\" >\n<div id=\"dslc-module-7068f56a2b5\" class=\"dslc-module-front dslc-module-DSLC_Image dslc-in-viewport-check dslc-in-viewport-anim-none  dslc-col dslc-12-col dslc-last-col  dslc-module-handle-like-regular\" data-module-id=\"7068f56a2b5\" data-module=\"DSLC_Image\" data-dslc-module-size=\"12\" data-dslc-anim=\"none\" data-dslc-anim-delay=\"0\" data-dslc-anim-duration=\"650\"  data-dslc-anim-easing=\"ease\" data-dslc-preset=\"none\" >\n<div class=\"dslc-image-container\">\n<div class=\"dslc-image\">\n<p>\t\t\t\t\t\t\t\t\t<img decoding=\"async\" src=\"https:\/\/milloret.com\/wp-content\/uploads\/seo10.webp\" alt=\"\" title=\"\" srcset=\"https:\/\/milloret.com\/wp-content\/uploads\/seo10.webp 550w, https:\/\/milloret.com\/wp-content\/uploads\/seo10-300x176.webp 300w\" sizes=\"(max-width: 550px) 100vw, 550px\" \/><\/p><\/div>\n<p><!-- .dslc-image -->\n\t\t<\/div>\n<\/p><\/div>\n<p><!-- .dslc-module -->\n\t\t<\/div>\n<style type=\"text\/css\" id=\"dslca-modules-area-\"><\/style>\n<div  class=\"dslc-modules-area dslc-col dslc-1-col  dslc-valign-\" data-size=\"1\" data-valign=\"\" data-modules-area-id=\"\" >\n<div id=\"dslc-module-67c38954b76\" class=\"dslc-module-front dslc-module-DSLC_Separator dslc-in-viewport-check dslc-in-viewport-anim-none  dslc-col dslc-12-col dslc-last-col  dslc-module-handle-like-regular\" data-module-id=\"67c38954b76\" data-module=\"DSLC_Separator\" data-dslc-module-size=\"12\" data-dslc-anim=\"none\" data-dslc-anim-delay=\"0\" data-dslc-anim-duration=\"650\"  data-dslc-anim-easing=\"ease\" data-dslc-preset=\"none\" >\n<div class=\"dslc-separator-wrapper\">\n<div class=\"dslc-separator dslc-separator-style-invisible\">\n\t\t\t\t\t\t\t\t\t<\/div>\n<div><\/div>\n<\/p><\/div>\n<p><!-- .dslc-separator-wrapper --><\/p><\/div>\n<p><!-- .dslc-module -->\n\t\t<\/div>\n<style type=\"text\/css\" id=\"dslca-modules-area-\"><\/style>\n<div  class=\"dslc-modules-area dslc-col dslc-6-col  dslc-valign-\" data-size=\"6\" data-valign=\"\" data-modules-area-id=\"\" >\n<div id=\"dslc-module-5bc84382ae7\" class=\"dslc-module-front dslc-module-DSLC_Text_Simple dslc-in-viewport-check dslc-in-viewport-anim-none  dslc-col dslc-12-col dslc-last-col  dslc-module-handle-like-regular\" data-module-id=\"5bc84382ae7\" data-module=\"DSLC_Text_Simple\" data-dslc-module-size=\"12\" data-dslc-anim=\"none\" data-dslc-anim-delay=\"0\" data-dslc-anim-duration=\"650\"  data-dslc-anim-easing=\"ease\" data-dslc-preset=\"none\" >\n<div class=\"dslc-text-module-content\">\n<h1>Service \u00ab\u00a0SEO-10\u00a0\u00bb pour votre site Web pendant 30\u00a0jours<\/h1>\n<\/p><\/div>\n<\/p><\/div>\n<p><!-- .dslc-module --><\/p>\n<div id=\"dslc-module-7197384a78e\" class=\"dslc-module-front dslc-module-DSLC_Button dslc-in-viewport-check dslc-in-viewport-anim-none  dslc-col dslc-9-col  dslc-module-handle-like-regular\" data-module-id=\"7197384a78e\" data-module=\"DSLC_Button\" data-dslc-module-size=\"9\" data-dslc-anim=\"none\" data-dslc-anim-delay=\"0\" data-dslc-anim-duration=\"650\"  data-dslc-anim-easing=\"ease\" data-dslc-preset=\"none\" >\n<div class=\"dslc-button\">\n\t\t\t\t\t\t\t\t\t<a href=\"https:\/\/milloret.com\/fr\/commander-service-seo-pour-30-jours\/\" target=\"_self\"  onclick=\"\" class=\"\"><br \/>\n\t\t\t\t\t\t\t\t\t\t\t\t\t\t\t\t\t\t\t\t\t<span class=\"dslc-icon dslc-icon-\"><\/span><br \/>\n\t\t\t\t\t\t\t\t\t\t\t\t\t\t\t\t\t\t\t\t\t\t\t\t\t\t<span>Achetez ce forfait<\/span><br \/>\n\t\t\t\t\t\t\t\t\t\t\t\t\t\t\t\t\t<\/a>\n\t\t\t\t\t\t\t<\/div>\n<p><!-- .dslc-button --><\/p><\/div>\n<p><!-- .dslc-module --><\/p>\n<div id=\"dslc-module-dc92d8417ce\" class=\"dslc-module-front dslc-module-DSLC_TP_Content dslc-in-viewport-check dslc-in-viewport-anim-none  dslc-col dslc-12-col  dslc-module-handle-like-regular\" data-module-id=\"dc92d8417ce\" data-module=\"DSLC_TP_Content\" data-dslc-module-size=\"12\" data-dslc-anim=\"none\" data-dslc-anim-delay=\"0\" data-dslc-anim-duration=\"650\"  data-dslc-anim-easing=\"ease\" data-dslc-preset=\"none\" >\n<div class=\"dslc-tp-content\">\n\t\t\t\t\t<\/div>\n<\/p><\/div>\n<p><!-- .dslc-module -->\n\t\t<\/div>\n<style type=\"text\/css\" id=\"dslca-modules-area-\"><\/style>\n<div  class=\"dslc-modules-area dslc-col dslc-12-col dslc-first-col dslc-valign-\" data-size=\"12\" data-valign=\"\" data-modules-area-id=\"\" >\n<div id=\"dslc-module-45e34abe485\" class=\"dslc-module-front dslc-module-DSLC_Separator dslc-in-viewport-check dslc-in-viewport-anim-none  dslc-col dslc-12-col dslc-last-col  dslc-module-handle-like-regular\" data-module-id=\"45e34abe485\" data-module=\"DSLC_Separator\" data-dslc-module-size=\"12\" data-dslc-anim=\"none\" data-dslc-anim-delay=\"0\" data-dslc-anim-duration=\"650\"  data-dslc-anim-easing=\"ease\" data-dslc-preset=\"none\" >\n<div class=\"dslc-separator-wrapper\">\n<div class=\"dslc-separator dslc-separator-style-invisible\">\n\t\t\t\t\t\t\t\t\t<\/div>\n<div><\/div>\n<\/p><\/div>\n<p><!-- .dslc-separator-wrapper --><\/p><\/div>\n<p><!-- .dslc-module -->\n\t\t<\/div>\n<\/div>\n<\/div>\n<div  class=\"dslc-modules-section\" style=\"padding-bottom:40px;padding-top:40px;border-color:rgb(238, 238, 238);border-width:1px;\" data-section-id=\"3ff0e0bc945\">\n<div class=\"dslc-modules-section-wrapper dslc-clearfix\">\n<style type=\"text\/css\" id=\"dslca-modules-area-\"><\/style>\n<div  class=\"dslc-modules-area dslc-col dslc-12-col dslc-last-col dslc-valign-\" data-size=\"12\" data-valign=\"\" data-modules-area-id=\"\" >\n<div id=\"dslc-module-339af545264\" class=\"dslc-module-front dslc-module-DSLC_Text_Simple dslc-in-viewport-check dslc-in-viewport-anim-none  dslc-col dslc-12-col dslc-last-col  dslc-module-handle-like-regular\" data-module-id=\"339af545264\" data-module=\"DSLC_Text_Simple\" data-dslc-module-size=\"12\" data-dslc-anim=\"none\" data-dslc-anim-delay=\"0\" data-dslc-anim-duration=\"650\"  data-dslc-anim-easing=\"ease\" data-dslc-preset=\"none\" >\n<div class=\"dslc-text-module-content\">\n<h2>Description<\/h2>\n<h3>Service SEO pendant un mois pour $235<\/h3>\n<p><\/p>\n<p>Selon le niveau de site Web donn\u00e9\u00a0<strong>autorit\u00e9 et optimisation<\/strong>, nous s\u00e9lectionnons un ensemble appropri\u00e9 d\u2019actions.<\/p>\n<p class=\"has-background\" style=\"background-color:#d8ffcc; padding-left:16px; padding-top:16px; padding-bottom:16px\"><strong>UN<\/strong>\u00a0- la qualit\u00e9 et l&#039;optimisation du site Web sont\u00a0<strong>- HAUT<\/strong><\/p>\n<p class=\"has-background\" style=\"background-color:#ffffb3; padding-left:16px; padding-top:16px; padding-bottom:16px\"><strong>B<\/strong>\u00a0- la qualit\u00e9 et l&#039;optimisation du site Web sont\u00a0<strong>- MOYEN<\/strong><\/p>\n<p class=\"has-background\" style=\"background-color:#ffd6cc; padding-left:16px; padding-top:16px; padding-bottom:16px\"><strong>C<\/strong>\u00a0- la qualit\u00e9 et l&#039;optimisation du site Web sont<strong>\u00a0- FAIBLE<\/strong><\/p>\n<p><\/p>\n<p><strong>Ce que nous ferons pour chaque niveau d&#039;un projet qui nous est confi\u00e9 :<\/strong><\/p>\n<p class=\"has-background\" style=\"background-color:#d8ffcc; padding-left:16px; padding-top:16px; padding-bottom:16px\"><strong>Niveau A<\/strong>:<br \/>1) audit hebdomadaire automatique, pages <strong>\u2014 5000<\/strong><br \/>2) CONTR\u00d4LE mensuel des param\u00e8tres\/erreurs techniques SEO jusqu&#039;\u00e0 <strong>\u2014 50<\/strong><br \/>3) CORRECTION mensuelle des param\u00e8tres\/erreurs techniques SEO jusqu&#039;\u00e0 <strong>\u2014 50<\/strong><br \/>4) CORRECTION mensuelle des param\u00e8tres\/erreurs techniques SEO pour le nombre de pages <strong>\u2014 10<\/strong><br \/>5) suivi quotidien du classement pour Google, Yahoo et Bing pour un pays\/une r\u00e9gion, nombre de mots-cl\u00e9s <strong>\u2014 10<\/strong><br \/>6) articles invit\u00e9s mensuels <strong>\u2014 1<\/strong><br \/>7) publications hebdomadaires : petits textes, liens th\u00e9matiques et\/ou citations locales et\/ou publications sur des forums et\/ou cr\u00e9ation de profils <strong>\u2014 0<\/strong><\/p>\n<p class=\"has-background\" style=\"background-color:#ffffb3; padding-left:16px; padding-top:16px; padding-bottom:16px\"><strong>Niveau B :<\/strong><br \/>1) audit hebdomadaire automatique, pages \u2014 <strong>2500<\/strong><br \/>2) CONTR\u00d4LE mensuel des param\u00e8tres\/erreurs techniques SEO jusqu&#039;\u00e0 \u2014 <strong>100<\/strong><br \/>3) CORRECTION mensuelle des param\u00e8tres\/erreurs techniques SEO jusqu&#039;\u00e0 \u2014 <strong>100<\/strong><br \/>4) CORRECTION mensuelle des param\u00e8tres\/erreurs techniques SEO pour le nombre de pages \u2014 <strong>10<\/strong><br \/>5) suivi quotidien du classement pour Google, Yahoo et Bing pour un pays\/une r\u00e9gion, nombre de mots-cl\u00e9s \u2014 <strong>10<\/strong><br \/>6) articles invit\u00e9s mensuels \u2014 <strong>1<\/strong><br \/>7) publications hebdomadaires : petits textes, liens th\u00e9matiques et\/ou citations locales et\/ou publications sur des forums et\/ou cr\u00e9ation de profils \u2014 <strong>25<\/strong><\/p>\n<p class=\"has-background\" style=\"background-color:#ffd6cc; padding-left:16px; padding-top:16px; padding-bottom:16px\"><strong>Niveau C :<\/strong><br \/>1) audit hebdomadaire automatique, pages \u2014 <strong>1000<\/strong><br \/>2) CONTR\u00d4LE mensuel des param\u00e8tres\/erreurs techniques SEO jusqu&#039;\u00e0 \u2014 <strong>250<\/strong><br \/>3) CORRECTION mensuelle des param\u00e8tres\/erreurs techniques SEO jusqu&#039;\u00e0 \u2014 <strong>250<\/strong><br \/>4) CORRECTION mensuelle des param\u00e8tres\/erreurs techniques SEO pour le nombre de pages \u2014 <strong>10<\/strong><br \/>5) suivi quotidien du classement pour Google, Yahoo et Bing pour un pays\/une r\u00e9gion, nombre de mots-cl\u00e9s \u2014 <strong>10<\/strong><br \/>6) articles invit\u00e9s mensuels \u2014<strong> 1<\/strong><br \/>7) publications hebdomadaires : petits textes, liens th\u00e9matiques et\/ou citations locales et\/ou publications sur des forums et\/ou cr\u00e9ation de profils \u2014 <strong>50<\/strong><\/p>\n<p><\/p>\n<h3>Plus d&#039;informations :\u00a0<\/h3>\n<p>1) Nous choisissons les bons mots-cl\u00e9s en fonction du niveau de concurrence et des possibilit\u00e9s commerciales de notre client.<br \/>2) Nous effectuons l&#039;optimisation du contenu en fonction des mots-cl\u00e9s choisis.<br \/>3) Nous connectons (si manquant) le site du client \u00e0 Google Search Console et analysons les probl\u00e8mes qui surviennent avec le site Web du point de vue de Google.<br \/>4) Il est n\u00e9cessaire de partager l&#039;acc\u00e8s \u00e0 Google Analytics avec nous afin d&#039;analyser vos statistiques et de d\u00e9tecter d&#039;\u00e9ventuelles failles de performance. Nous pouvons installer Google Analytics nous-m\u00eames si nous y avons acc\u00e8s.<br \/>5) Notre audit hebdomadaire sera en ligne et disponible 24h\/24 et 7j\/7 pour le client, montrant les probl\u00e8mes les plus importants du site et les classements actuels dans Google, Yahoo et Bing.<br \/>6) Le forfait comprend des conseils sur des sujets de r\u00e9f\u00e9rencement et de marketing Internet.<\/p>\n<p>Ce service est offert dans toutes les principales langues.<\/p>\n<p>Nous ne travaillons pas avec du contenu immoral (adulte, escortes, jeux d&#039;argent, tabac, alcool, drogues) et autre contenu probl\u00e9matique\/ill\u00e9gal !<\/p>\n<\/p><\/div>\n<\/p><\/div>\n<p><!-- .dslc-module -->\n\t\t<\/div>\n<\/div>\n<\/div>\n<\/div>\n<\/div><\/div>","protected":false},"excerpt":{"rendered":"<p>\u2190 Back to SEO Packages \"SEO-10\" Service For Your Website During 30 Days Buy this package Description SEO service for one month for $235 According to the given website level of\u00a0authority and optimization, we select a proper set of actions. A\u00a0- website's quality and optimization are\u00a0- HIGH B\u00a0- website's quality and optimization are\u00a0- MEDIUM C\u00a0- [&hellip;]<\/p>\n","protected":false},"author":2,"featured_media":0,"parent":0,"menu_order":0,"comment_status":"closed","ping_status":"closed","template":"","meta":{"footnotes":""},"class_list":["post-101612","page","type-page","status-publish","hentry"],"aioseo_notices":[],"_links":{"self":[{"href":"https:\/\/milloret.com\/fr\/wp-json\/wp\/v2\/pages\/101612","targetHints":{"allow":["GET"]}}],"collection":[{"href":"https:\/\/milloret.com\/fr\/wp-json\/wp\/v2\/pages"}],"about":[{"href":"https:\/\/milloret.com\/fr\/wp-json\/wp\/v2\/types\/page"}],"author":[{"embeddable":true,"href":"https:\/\/milloret.com\/fr\/wp-json\/wp\/v2\/users\/2"}],"replies":[{"embeddable":true,"href":"https:\/\/milloret.com\/fr\/wp-json\/wp\/v2\/comments?post=101612"}],"version-history":[{"count":1,"href":"https:\/\/milloret.com\/fr\/wp-json\/wp\/v2\/pages\/101612\/revisions"}],"predecessor-version":[{"id":101614,"href":"https:\/\/milloret.com\/fr\/wp-json\/wp\/v2\/pages\/101612\/revisions\/101614"}],"wp:attachment":[{"href":"https:\/\/milloret.com\/fr\/wp-json\/wp\/v2\/media?parent=101612"}],"curies":[{"name":"wp","href":"https:\/\/api.w.org\/{rel}","templated":true}]}}