{"id":101612,"date":"2025-03-16T12:55:17","date_gmt":"2025-03-16T12:55:17","guid":{"rendered":"https:\/\/milloret.com\/?page_id=101612"},"modified":"2025-04-24T12:33:24","modified_gmt":"2025-04-24T12:33:24","slug":"seo-10","status":"publish","type":"page","link":"https:\/\/milloret.com\/es\/seo-10\/","title":{"rendered":"SEO-10"},"content":{"rendered":"<div id=\"dslc-theme-content\"><div id=\"dslc-theme-content-inner\"><div id=\"dslc-main\">\n<div  class=\"dslc-modules-section\" style=\"padding-bottom:0px;padding-top:0px;border-color:rgb(241, 241, 241);border-width:1px;border-right-style: hidden; border-bottom-style: hidden; border-left-style: hidden; \" data-section-id=\"cf3aad0a0c1\">\n<div class=\"dslc-modules-section-wrapper dslc-clearfix\">\n<style type=\"text\/css\" id=\"dslca-modules-area-\"><\/style>\n<div  class=\"dslc-modules-area dslc-col dslc-12-col dslc-last-col dslc-valign-\" data-size=\"12\" data-valign=\"\" data-modules-area-id=\"\" >\n<div id=\"dslc-module-adc8aa1ca62\" class=\"dslc-module-front dslc-module-DSLC_Separator dslc-in-viewport-check dslc-in-viewport-anim-none  dslc-col dslc-12-col dslc-last-col  dslc-module-handle-like-regular\" data-module-id=\"adc8aa1ca62\" data-module=\"DSLC_Separator\" data-dslc-module-size=\"12\" data-dslc-anim=\"none\" data-dslc-anim-delay=\"0\" data-dslc-anim-duration=\"650\"  data-dslc-anim-easing=\"ease\" data-dslc-preset=\"none\" >\n<div class=\"dslc-separator-wrapper\">\n<div class=\"dslc-separator dslc-separator-style-invisible\">\n\t\t\t\t\t\t\t\t\t<\/div>\n<div><\/div>\n<\/p><\/div>\n<p><!-- .dslc-separator-wrapper --><\/p><\/div>\n<p><!-- .dslc-module --><\/p>\n<div id=\"dslc-module-cd4e08b7b76\" class=\"dslc-module-front dslc-module-DSLC_Html dslc-in-viewport-check dslc-in-viewport-anim-none  dslc-col dslc-12-col dslc-last-col  dslc-module-handle-like-regular\" data-module-id=\"cd4e08b7b76\" data-module=\"DSLC_Html\" data-dslc-module-size=\"12\" data-dslc-anim=\"none\" data-dslc-anim-delay=\"0\" data-dslc-anim-duration=\"650\"  data-dslc-anim-easing=\"ease\" data-dslc-preset=\"none\" >\n<div class=\"dslc-html-module-content\"><a href=\"\/es\/paquetes-seo\/\" class=\"back-button\">\u2190 Volver a Paquetes SEO<\/a><\/div>\n<\/p><\/div>\n<p><!-- .dslc-module --><\/p>\n<div id=\"dslc-module-o35k9bmg7b4\" class=\"dslc-module-front dslc-module-DSLC_Separator dslc-in-viewport-check dslc-in-viewport-anim-none  dslc-col dslc-12-col dslc-last-col  dslc-module-handle-like-regular\" data-module-id=\"o35k9bmg7b4\" data-module=\"DSLC_Separator\" data-dslc-module-size=\"12\" data-dslc-anim=\"none\" data-dslc-anim-delay=\"0\" data-dslc-anim-duration=\"650\"  data-dslc-anim-easing=\"ease\" data-dslc-preset=\"none\" >\n<div class=\"dslc-separator-wrapper\">\n<div class=\"dslc-separator dslc-separator-style-invisible\">\n\t\t\t\t\t\t\t\t\t<\/div>\n<div><\/div>\n<\/p><\/div>\n<p><!-- .dslc-separator-wrapper --><\/p><\/div>\n<p><!-- .dslc-module -->\n\t\t<\/div>\n<style type=\"text\/css\" id=\"dslca-modules-area-\"><\/style>\n<div  class=\"dslc-modules-area dslc-col dslc-4-col dslc-first-col dslc-valign-\" data-size=\"4\" data-valign=\"\" data-modules-area-id=\"\" >\n<div id=\"dslc-module-7068f56a2b5\" class=\"dslc-module-front dslc-module-DSLC_Image dslc-in-viewport-check dslc-in-viewport-anim-none  dslc-col dslc-12-col dslc-last-col  dslc-module-handle-like-regular\" data-module-id=\"7068f56a2b5\" data-module=\"DSLC_Image\" data-dslc-module-size=\"12\" data-dslc-anim=\"none\" data-dslc-anim-delay=\"0\" data-dslc-anim-duration=\"650\"  data-dslc-anim-easing=\"ease\" data-dslc-preset=\"none\" >\n<div class=\"dslc-image-container\">\n<div class=\"dslc-image\">\n<p>\t\t\t\t\t\t\t\t\t<img decoding=\"async\" src=\"https:\/\/milloret.com\/wp-content\/uploads\/seo10.webp\" alt=\"\" title=\"\" srcset=\"https:\/\/milloret.com\/wp-content\/uploads\/seo10.webp 550w, https:\/\/milloret.com\/wp-content\/uploads\/seo10-300x176.webp 300w\" sizes=\"(max-width: 550px) 100vw, 550px\" \/><\/p><\/div>\n<p><!-- .dslc-image -->\n\t\t<\/div>\n<\/p><\/div>\n<p><!-- .dslc-module -->\n\t\t<\/div>\n<style type=\"text\/css\" id=\"dslca-modules-area-\"><\/style>\n<div  class=\"dslc-modules-area dslc-col dslc-1-col  dslc-valign-\" data-size=\"1\" data-valign=\"\" data-modules-area-id=\"\" >\n<div id=\"dslc-module-67c38954b76\" class=\"dslc-module-front dslc-module-DSLC_Separator dslc-in-viewport-check dslc-in-viewport-anim-none  dslc-col dslc-12-col dslc-last-col  dslc-module-handle-like-regular\" data-module-id=\"67c38954b76\" data-module=\"DSLC_Separator\" data-dslc-module-size=\"12\" data-dslc-anim=\"none\" data-dslc-anim-delay=\"0\" data-dslc-anim-duration=\"650\"  data-dslc-anim-easing=\"ease\" data-dslc-preset=\"none\" >\n<div class=\"dslc-separator-wrapper\">\n<div class=\"dslc-separator dslc-separator-style-invisible\">\n\t\t\t\t\t\t\t\t\t<\/div>\n<div><\/div>\n<\/p><\/div>\n<p><!-- .dslc-separator-wrapper --><\/p><\/div>\n<p><!-- .dslc-module -->\n\t\t<\/div>\n<style type=\"text\/css\" id=\"dslca-modules-area-\"><\/style>\n<div  class=\"dslc-modules-area dslc-col dslc-6-col  dslc-valign-\" data-size=\"6\" data-valign=\"\" data-modules-area-id=\"\" >\n<div id=\"dslc-module-5bc84382ae7\" class=\"dslc-module-front dslc-module-DSLC_Text_Simple dslc-in-viewport-check dslc-in-viewport-anim-none  dslc-col dslc-12-col dslc-last-col  dslc-module-handle-like-regular\" data-module-id=\"5bc84382ae7\" data-module=\"DSLC_Text_Simple\" data-dslc-module-size=\"12\" data-dslc-anim=\"none\" data-dslc-anim-delay=\"0\" data-dslc-anim-duration=\"650\"  data-dslc-anim-easing=\"ease\" data-dslc-preset=\"none\" >\n<div class=\"dslc-text-module-content\">\n<h1>Servicio &quot;SEO-10&quot; para su sitio web durante 30 d\u00edas<\/h1>\n<\/p><\/div>\n<\/p><\/div>\n<p><!-- .dslc-module --><\/p>\n<div id=\"dslc-module-7197384a78e\" class=\"dslc-module-front dslc-module-DSLC_Button dslc-in-viewport-check dslc-in-viewport-anim-none  dslc-col dslc-9-col  dslc-module-handle-like-regular\" data-module-id=\"7197384a78e\" data-module=\"DSLC_Button\" data-dslc-module-size=\"9\" data-dslc-anim=\"none\" data-dslc-anim-delay=\"0\" data-dslc-anim-duration=\"650\"  data-dslc-anim-easing=\"ease\" data-dslc-preset=\"none\" >\n<div class=\"dslc-button\">\n\t\t\t\t\t\t\t\t\t<a href=\"https:\/\/milloret.com\/es\/pedir-servicio-seo-por-30-dias\/\" target=\"_self\"  onclick=\"\" class=\"\"><br \/>\n\t\t\t\t\t\t\t\t\t\t\t\t\t\t\t\t\t\t\t\t\t<span class=\"dslc-icon dslc-icon-\"><\/span><br \/>\n\t\t\t\t\t\t\t\t\t\t\t\t\t\t\t\t\t\t\t\t\t\t\t\t\t\t<span>Compre este paquete<\/span><br \/>\n\t\t\t\t\t\t\t\t\t\t\t\t\t\t\t\t\t<\/a>\n\t\t\t\t\t\t\t<\/div>\n<p><!-- .dslc-button --><\/p><\/div>\n<p><!-- .dslc-module --><\/p>\n<div id=\"dslc-module-dc92d8417ce\" class=\"dslc-module-front dslc-module-DSLC_TP_Content dslc-in-viewport-check dslc-in-viewport-anim-none  dslc-col dslc-12-col  dslc-module-handle-like-regular\" data-module-id=\"dc92d8417ce\" data-module=\"DSLC_TP_Content\" data-dslc-module-size=\"12\" data-dslc-anim=\"none\" data-dslc-anim-delay=\"0\" data-dslc-anim-duration=\"650\"  data-dslc-anim-easing=\"ease\" data-dslc-preset=\"none\" >\n<div class=\"dslc-tp-content\">\n\t\t\t\t\t<\/div>\n<\/p><\/div>\n<p><!-- .dslc-module -->\n\t\t<\/div>\n<style type=\"text\/css\" id=\"dslca-modules-area-\"><\/style>\n<div  class=\"dslc-modules-area dslc-col dslc-12-col dslc-first-col dslc-valign-\" data-size=\"12\" data-valign=\"\" data-modules-area-id=\"\" >\n<div id=\"dslc-module-45e34abe485\" class=\"dslc-module-front dslc-module-DSLC_Separator dslc-in-viewport-check dslc-in-viewport-anim-none  dslc-col dslc-12-col dslc-last-col  dslc-module-handle-like-regular\" data-module-id=\"45e34abe485\" data-module=\"DSLC_Separator\" data-dslc-module-size=\"12\" data-dslc-anim=\"none\" data-dslc-anim-delay=\"0\" data-dslc-anim-duration=\"650\"  data-dslc-anim-easing=\"ease\" data-dslc-preset=\"none\" >\n<div class=\"dslc-separator-wrapper\">\n<div class=\"dslc-separator dslc-separator-style-invisible\">\n\t\t\t\t\t\t\t\t\t<\/div>\n<div><\/div>\n<\/p><\/div>\n<p><!-- .dslc-separator-wrapper --><\/p><\/div>\n<p><!-- .dslc-module -->\n\t\t<\/div>\n<\/div>\n<\/div>\n<div  class=\"dslc-modules-section\" style=\"padding-bottom:40px;padding-top:40px;border-color:rgb(238, 238, 238);border-width:1px;\" data-section-id=\"3ff0e0bc945\">\n<div class=\"dslc-modules-section-wrapper dslc-clearfix\">\n<style type=\"text\/css\" id=\"dslca-modules-area-\"><\/style>\n<div  class=\"dslc-modules-area dslc-col dslc-12-col dslc-last-col dslc-valign-\" data-size=\"12\" data-valign=\"\" data-modules-area-id=\"\" >\n<div id=\"dslc-module-339af545264\" class=\"dslc-module-front dslc-module-DSLC_Text_Simple dslc-in-viewport-check dslc-in-viewport-anim-none  dslc-col dslc-12-col dslc-last-col  dslc-module-handle-like-regular\" data-module-id=\"339af545264\" data-module=\"DSLC_Text_Simple\" data-dslc-module-size=\"12\" data-dslc-anim=\"none\" data-dslc-anim-delay=\"0\" data-dslc-anim-duration=\"650\"  data-dslc-anim-easing=\"ease\" data-dslc-preset=\"none\" >\n<div class=\"dslc-text-module-content\">\n<h2>Descripci\u00f3n<\/h2>\n<h3>Servicio de SEO por un mes para $235<\/h3>\n<p><\/p>\n<p>De acuerdo con el nivel de sitio web dado\u00a0<strong>autoridad y optimizaci\u00f3n<\/strong>Seleccionamos un conjunto adecuado de acciones.<\/p>\n<p class=\"has-background\" style=\"background-color:#d8ffcc; padding-left:16px; padding-top:16px; padding-bottom:16px\"><strong>A<\/strong>\u00a0- La calidad y optimizaci\u00f3n del sitio web son\u00a0<strong>- ALTO<\/strong><\/p>\n<p class=\"has-background\" style=\"background-color:#ffffb3; padding-left:16px; padding-top:16px; padding-bottom:16px\"><strong>B<\/strong>\u00a0- La calidad y optimizaci\u00f3n del sitio web son\u00a0<strong>- MEDIO<\/strong><\/p>\n<p class=\"has-background\" style=\"background-color:#ffd6cc; padding-left:16px; padding-top:16px; padding-bottom:16px\"><strong>do<\/strong>\u00a0- La calidad y optimizaci\u00f3n del sitio web son<strong>\u00a0- BAJO<\/strong><\/p>\n<p><\/p>\n<p><strong>Lo que haremos para cada nivel de un proyecto que se nos asigne:<\/strong><\/p>\n<p class=\"has-background\" style=\"background-color:#d8ffcc; padding-left:16px; padding-top:16px; padding-bottom:16px\"><strong>Nivel A<\/strong>:<br \/>1) auditor\u00eda semanal autom\u00e1tica, p\u00e1ginas <strong>\u2014 5000<\/strong><br \/>2) CHECK mensual de par\u00e1metros t\u00e9cnicos SEO\/errores hasta <strong>\u2014 50<\/strong><br \/>3) Reparaci\u00f3n mensual de par\u00e1metros\/errores t\u00e9cnicos de SEO hasta <strong>\u2014 50<\/strong><br \/>4) Correcci\u00f3n mensual de errores\/par\u00e1metros t\u00e9cnicos de SEO para el n\u00famero de p\u00e1ginas <strong>\u2014 10<\/strong><br \/>5) Seguimiento diario de la clasificaci\u00f3n de Google, Yahoo y Bing para un pa\u00eds\/regi\u00f3n, n\u00famero de palabras clave <strong>\u2014 10<\/strong><br \/>6) publicaciones de invitados mensuales <strong>\u2014 1<\/strong><br \/>7) publicaciones semanales: peque\u00f1os textos con enlaces tem\u00e1ticos y\/o citas locales y\/o publicaciones en foros y\/o creaci\u00f3n de perfiles <strong>\u2014 0<\/strong><\/p>\n<p class=\"has-background\" style=\"background-color:#ffffb3; padding-left:16px; padding-top:16px; padding-bottom:16px\"><strong>Nivel B:<\/strong><br \/>1) auditor\u00eda semanal autom\u00e1tica, p\u00e1ginas \u2014 <strong>2500<\/strong><br \/>2) REVISI\u00d3N mensual de par\u00e1metros t\u00e9cnicos SEO\/errores hasta \u2014 <strong>100<\/strong><br \/>3) CORRECCI\u00d3N mensual de par\u00e1metros\/errores t\u00e9cnicos de SEO hasta \u2014 <strong>100<\/strong><br \/>4) Correcci\u00f3n mensual de errores\/par\u00e1metros t\u00e9cnicos de SEO para el n\u00famero de p\u00e1ginas \u2014 <strong>10<\/strong><br \/>5) Seguimiento diario de la clasificaci\u00f3n de Google, Yahoo y Bing para un pa\u00eds\/regi\u00f3n, n\u00famero de palabras clave. <strong>10<\/strong><br \/>6) publicaciones de invitados mensuales \u2014 <strong>1<\/strong><br \/>7) publicaciones semanales: peque\u00f1os textos con enlaces tem\u00e1ticos y\/o citas locales y\/o publicaciones en foros y\/o creaci\u00f3n de perfiles \u2014 <strong>25<\/strong><\/p>\n<p class=\"has-background\" style=\"background-color:#ffd6cc; padding-left:16px; padding-top:16px; padding-bottom:16px\"><strong>Nivel C:<\/strong><br \/>1) auditor\u00eda semanal autom\u00e1tica, p\u00e1ginas \u2014 <strong>1000<\/strong><br \/>2) REVISI\u00d3N mensual de par\u00e1metros t\u00e9cnicos SEO\/errores hasta \u2014 <strong>250<\/strong><br \/>3) CORRECCI\u00d3N mensual de par\u00e1metros\/errores t\u00e9cnicos de SEO hasta \u2014 <strong>250<\/strong><br \/>4) Correcci\u00f3n mensual de errores\/par\u00e1metros t\u00e9cnicos de SEO para el n\u00famero de p\u00e1ginas \u2014 <strong>10<\/strong><br \/>5) Seguimiento diario de la clasificaci\u00f3n de Google, Yahoo y Bing para un pa\u00eds\/regi\u00f3n, n\u00famero de palabras clave. <strong>10<\/strong><br \/>6) publicaciones de invitados mensuales \u2014<strong> 1<\/strong><br \/>7) publicaciones semanales: peque\u00f1os textos con enlaces tem\u00e1ticos y\/o citas locales y\/o publicaciones en foros y\/o creaci\u00f3n de perfiles \u2014 <strong>50<\/strong><\/p>\n<p><\/p>\n<h3>M\u00e1s informaci\u00f3n:\u00a0<\/h3>\n<p>1) Elegimos las palabras clave adecuadas en funci\u00f3n del nivel de competencia y las posibilidades de negocio de nuestro cliente.<br \/>2) Realizamos optimizaci\u00f3n de contenidos en base a las palabras clave elegidas.<br \/>3) Conectamos (si falta) el sitio del cliente a Google Search Console y analizamos los problemas que ocurren con el sitio web desde el punto de vista de Google.<br \/>4) Es necesario compartir el acceso a Google Analytics con nosotros para analizar sus estad\u00edsticas y detectar fallos de rendimiento. Si tenemos acceso, podremos instalar Google Analytics nosotros mismos.<br \/>5) Nuestra auditor\u00eda semanal estar\u00e1 en l\u00ednea y disponible 24\/7 para el cliente, mostrando los problemas m\u00e1s importantes del sitio y las clasificaciones actuales en Google, Yahoo y Bing.<br \/>6) El paquete incluye consultor\u00eda sobre temas de SEO y marketing en internet.<\/p>\n<p>Este servicio se ofrece en todos los idiomas principales.<\/p>\n<p>\u00a1No trabajamos con contenido inmoral (adultos, acompa\u00f1antes, juegos de azar, tabaco, alcohol, drogas) y otros contenidos problem\u00e1ticos\/ilegales!<\/p>\n<\/p><\/div>\n<\/p><\/div>\n<p><!-- .dslc-module -->\n\t\t<\/div>\n<\/div>\n<\/div>\n<\/div>\n<\/div><\/div>","protected":false},"excerpt":{"rendered":"<p>\u2190 Back to SEO Packages \"SEO-10\" Service For Your Website During 30 Days Buy this package Description SEO service for one month for $235 According to the given website level of\u00a0authority and optimization, we select a proper set of actions. A\u00a0- website's quality and optimization are\u00a0- HIGH B\u00a0- website's quality and optimization are\u00a0- MEDIUM C\u00a0- [&hellip;]<\/p>\n","protected":false},"author":2,"featured_media":0,"parent":0,"menu_order":0,"comment_status":"closed","ping_status":"closed","template":"","meta":{"footnotes":""},"class_list":["post-101612","page","type-page","status-publish","hentry"],"aioseo_notices":[],"_links":{"self":[{"href":"https:\/\/milloret.com\/es\/wp-json\/wp\/v2\/pages\/101612","targetHints":{"allow":["GET"]}}],"collection":[{"href":"https:\/\/milloret.com\/es\/wp-json\/wp\/v2\/pages"}],"about":[{"href":"https:\/\/milloret.com\/es\/wp-json\/wp\/v2\/types\/page"}],"author":[{"embeddable":true,"href":"https:\/\/milloret.com\/es\/wp-json\/wp\/v2\/users\/2"}],"replies":[{"embeddable":true,"href":"https:\/\/milloret.com\/es\/wp-json\/wp\/v2\/comments?post=101612"}],"version-history":[{"count":1,"href":"https:\/\/milloret.com\/es\/wp-json\/wp\/v2\/pages\/101612\/revisions"}],"predecessor-version":[{"id":101614,"href":"https:\/\/milloret.com\/es\/wp-json\/wp\/v2\/pages\/101612\/revisions\/101614"}],"wp:attachment":[{"href":"https:\/\/milloret.com\/es\/wp-json\/wp\/v2\/media?parent=101612"}],"curies":[{"name":"wp","href":"https:\/\/api.w.org\/{rel}","templated":true}]}}