{"id":101612,"date":"2025-03-16T12:55:17","date_gmt":"2025-03-16T12:55:17","guid":{"rendered":"https:\/\/milloret.com\/?page_id=101612"},"modified":"2025-04-24T12:33:24","modified_gmt":"2025-04-24T12:33:24","slug":"seo-10","status":"publish","type":"page","link":"https:\/\/milloret.com\/de\/seo-10\/","title":{"rendered":"SEO-10"},"content":{"rendered":"<div id=\"dslc-theme-content\"><div id=\"dslc-theme-content-inner\"><div id=\"dslc-main\">\n<div  class=\"dslc-modules-section\" style=\"padding-bottom:0px;padding-top:0px;border-color:rgb(241, 241, 241);border-width:1px;border-right-style: hidden; border-bottom-style: hidden; border-left-style: hidden; \" data-section-id=\"cf3aad0a0c1\">\n<div class=\"dslc-modules-section-wrapper dslc-clearfix\">\n<style type=\"text\/css\" id=\"dslca-modules-area-\"><\/style>\n<div  class=\"dslc-modules-area dslc-col dslc-12-col dslc-last-col dslc-valign-\" data-size=\"12\" data-valign=\"\" data-modules-area-id=\"\" >\n<div id=\"dslc-module-adc8aa1ca62\" class=\"dslc-module-front dslc-module-DSLC_Separator dslc-in-viewport-check dslc-in-viewport-anim-none  dslc-col dslc-12-col dslc-last-col  dslc-module-handle-like-regular\" data-module-id=\"adc8aa1ca62\" data-module=\"DSLC_Separator\" data-dslc-module-size=\"12\" data-dslc-anim=\"none\" data-dslc-anim-delay=\"0\" data-dslc-anim-duration=\"650\"  data-dslc-anim-easing=\"ease\" data-dslc-preset=\"none\" >\n<div class=\"dslc-separator-wrapper\">\n<div class=\"dslc-separator dslc-separator-style-invisible\">\n\t\t\t\t\t\t\t\t\t<\/div>\n<div><\/div>\n<\/p><\/div>\n<p><!-- .dslc-separator-wrapper --><\/p><\/div>\n<p><!-- .dslc-module --><\/p>\n<div id=\"dslc-module-cd4e08b7b76\" class=\"dslc-module-front dslc-module-DSLC_Html dslc-in-viewport-check dslc-in-viewport-anim-none  dslc-col dslc-12-col dslc-last-col  dslc-module-handle-like-regular\" data-module-id=\"cd4e08b7b76\" data-module=\"DSLC_Html\" data-dslc-module-size=\"12\" data-dslc-anim=\"none\" data-dslc-anim-delay=\"0\" data-dslc-anim-duration=\"650\"  data-dslc-anim-easing=\"ease\" data-dslc-preset=\"none\" >\n<div class=\"dslc-html-module-content\"><a href=\"\/de\/seo-pakete\/\" class=\"back-button\">\u2190 Zur\u00fcck zu SEO-Paketen<\/a><\/div>\n<\/p><\/div>\n<p><!-- .dslc-module --><\/p>\n<div id=\"dslc-module-o35k9bmg7b4\" class=\"dslc-module-front dslc-module-DSLC_Separator dslc-in-viewport-check dslc-in-viewport-anim-none  dslc-col dslc-12-col dslc-last-col  dslc-module-handle-like-regular\" data-module-id=\"o35k9bmg7b4\" data-module=\"DSLC_Separator\" data-dslc-module-size=\"12\" data-dslc-anim=\"none\" data-dslc-anim-delay=\"0\" data-dslc-anim-duration=\"650\"  data-dslc-anim-easing=\"ease\" data-dslc-preset=\"none\" >\n<div class=\"dslc-separator-wrapper\">\n<div class=\"dslc-separator dslc-separator-style-invisible\">\n\t\t\t\t\t\t\t\t\t<\/div>\n<div><\/div>\n<\/p><\/div>\n<p><!-- .dslc-separator-wrapper --><\/p><\/div>\n<p><!-- .dslc-module -->\n\t\t<\/div>\n<style type=\"text\/css\" id=\"dslca-modules-area-\"><\/style>\n<div  class=\"dslc-modules-area dslc-col dslc-4-col dslc-first-col dslc-valign-\" data-size=\"4\" data-valign=\"\" data-modules-area-id=\"\" >\n<div id=\"dslc-module-7068f56a2b5\" class=\"dslc-module-front dslc-module-DSLC_Image dslc-in-viewport-check dslc-in-viewport-anim-none  dslc-col dslc-12-col dslc-last-col  dslc-module-handle-like-regular\" data-module-id=\"7068f56a2b5\" data-module=\"DSLC_Image\" data-dslc-module-size=\"12\" data-dslc-anim=\"none\" data-dslc-anim-delay=\"0\" data-dslc-anim-duration=\"650\"  data-dslc-anim-easing=\"ease\" data-dslc-preset=\"none\" >\n<div class=\"dslc-image-container\">\n<div class=\"dslc-image\">\n<p>\t\t\t\t\t\t\t\t\t<img decoding=\"async\" src=\"https:\/\/milloret.com\/wp-content\/uploads\/seo10.webp\" alt=\"\" title=\"\" srcset=\"https:\/\/milloret.com\/wp-content\/uploads\/seo10.webp 550w, https:\/\/milloret.com\/wp-content\/uploads\/seo10-300x176.webp 300w\" sizes=\"(max-width: 550px) 100vw, 550px\" \/><\/p><\/div>\n<p><!-- .dslc-image -->\n\t\t<\/div>\n<\/p><\/div>\n<p><!-- .dslc-module -->\n\t\t<\/div>\n<style type=\"text\/css\" id=\"dslca-modules-area-\"><\/style>\n<div  class=\"dslc-modules-area dslc-col dslc-1-col  dslc-valign-\" data-size=\"1\" data-valign=\"\" data-modules-area-id=\"\" >\n<div id=\"dslc-module-67c38954b76\" class=\"dslc-module-front dslc-module-DSLC_Separator dslc-in-viewport-check dslc-in-viewport-anim-none  dslc-col dslc-12-col dslc-last-col  dslc-module-handle-like-regular\" data-module-id=\"67c38954b76\" data-module=\"DSLC_Separator\" data-dslc-module-size=\"12\" data-dslc-anim=\"none\" data-dslc-anim-delay=\"0\" data-dslc-anim-duration=\"650\"  data-dslc-anim-easing=\"ease\" data-dslc-preset=\"none\" >\n<div class=\"dslc-separator-wrapper\">\n<div class=\"dslc-separator dslc-separator-style-invisible\">\n\t\t\t\t\t\t\t\t\t<\/div>\n<div><\/div>\n<\/p><\/div>\n<p><!-- .dslc-separator-wrapper --><\/p><\/div>\n<p><!-- .dslc-module -->\n\t\t<\/div>\n<style type=\"text\/css\" id=\"dslca-modules-area-\"><\/style>\n<div  class=\"dslc-modules-area dslc-col dslc-6-col  dslc-valign-\" data-size=\"6\" data-valign=\"\" data-modules-area-id=\"\" >\n<div id=\"dslc-module-5bc84382ae7\" class=\"dslc-module-front dslc-module-DSLC_Text_Simple dslc-in-viewport-check dslc-in-viewport-anim-none  dslc-col dslc-12-col dslc-last-col  dslc-module-handle-like-regular\" data-module-id=\"5bc84382ae7\" data-module=\"DSLC_Text_Simple\" data-dslc-module-size=\"12\" data-dslc-anim=\"none\" data-dslc-anim-delay=\"0\" data-dslc-anim-duration=\"650\"  data-dslc-anim-easing=\"ease\" data-dslc-preset=\"none\" >\n<div class=\"dslc-text-module-content\">\n<h1>&quot;SEO-10&quot; Service f\u00fcr Ihre Website w\u00e4hrend 30 Tagen<\/h1>\n<\/p><\/div>\n<\/p><\/div>\n<p><!-- .dslc-module --><\/p>\n<div id=\"dslc-module-7197384a78e\" class=\"dslc-module-front dslc-module-DSLC_Button dslc-in-viewport-check dslc-in-viewport-anim-none  dslc-col dslc-9-col  dslc-module-handle-like-regular\" data-module-id=\"7197384a78e\" data-module=\"DSLC_Button\" data-dslc-module-size=\"9\" data-dslc-anim=\"none\" data-dslc-anim-delay=\"0\" data-dslc-anim-duration=\"650\"  data-dslc-anim-easing=\"ease\" data-dslc-preset=\"none\" >\n<div class=\"dslc-button\">\n\t\t\t\t\t\t\t\t\t<a href=\"https:\/\/milloret.com\/de\/seo-service-fur-30-tage-bestellen\/\" target=\"_self\"  onclick=\"\" class=\"\"><br \/>\n\t\t\t\t\t\t\t\t\t\t\t\t\t\t\t\t\t\t\t\t\t<span class=\"dslc-icon dslc-icon-\"><\/span><br \/>\n\t\t\t\t\t\t\t\t\t\t\t\t\t\t\t\t\t\t\t\t\t\t\t\t\t\t<span>Dieses Paket kaufen<\/span><br \/>\n\t\t\t\t\t\t\t\t\t\t\t\t\t\t\t\t\t<\/a>\n\t\t\t\t\t\t\t<\/div>\n<p><!-- .dslc-button --><\/p><\/div>\n<p><!-- .dslc-module --><\/p>\n<div id=\"dslc-module-dc92d8417ce\" class=\"dslc-module-front dslc-module-DSLC_TP_Content dslc-in-viewport-check dslc-in-viewport-anim-none  dslc-col dslc-12-col  dslc-module-handle-like-regular\" data-module-id=\"dc92d8417ce\" data-module=\"DSLC_TP_Content\" data-dslc-module-size=\"12\" data-dslc-anim=\"none\" data-dslc-anim-delay=\"0\" data-dslc-anim-duration=\"650\"  data-dslc-anim-easing=\"ease\" data-dslc-preset=\"none\" >\n<div class=\"dslc-tp-content\">\n\t\t\t\t\t<\/div>\n<\/p><\/div>\n<p><!-- .dslc-module -->\n\t\t<\/div>\n<style type=\"text\/css\" id=\"dslca-modules-area-\"><\/style>\n<div  class=\"dslc-modules-area dslc-col dslc-12-col dslc-first-col dslc-valign-\" data-size=\"12\" data-valign=\"\" data-modules-area-id=\"\" >\n<div id=\"dslc-module-45e34abe485\" class=\"dslc-module-front dslc-module-DSLC_Separator dslc-in-viewport-check dslc-in-viewport-anim-none  dslc-col dslc-12-col dslc-last-col  dslc-module-handle-like-regular\" data-module-id=\"45e34abe485\" data-module=\"DSLC_Separator\" data-dslc-module-size=\"12\" data-dslc-anim=\"none\" data-dslc-anim-delay=\"0\" data-dslc-anim-duration=\"650\"  data-dslc-anim-easing=\"ease\" data-dslc-preset=\"none\" >\n<div class=\"dslc-separator-wrapper\">\n<div class=\"dslc-separator dslc-separator-style-invisible\">\n\t\t\t\t\t\t\t\t\t<\/div>\n<div><\/div>\n<\/p><\/div>\n<p><!-- .dslc-separator-wrapper --><\/p><\/div>\n<p><!-- .dslc-module -->\n\t\t<\/div>\n<\/div>\n<\/div>\n<div  class=\"dslc-modules-section\" style=\"padding-bottom:40px;padding-top:40px;border-color:rgb(238, 238, 238);border-width:1px;\" data-section-id=\"3ff0e0bc945\">\n<div class=\"dslc-modules-section-wrapper dslc-clearfix\">\n<style type=\"text\/css\" id=\"dslca-modules-area-\"><\/style>\n<div  class=\"dslc-modules-area dslc-col dslc-12-col dslc-last-col dslc-valign-\" data-size=\"12\" data-valign=\"\" data-modules-area-id=\"\" >\n<div id=\"dslc-module-339af545264\" class=\"dslc-module-front dslc-module-DSLC_Text_Simple dslc-in-viewport-check dslc-in-viewport-anim-none  dslc-col dslc-12-col dslc-last-col  dslc-module-handle-like-regular\" data-module-id=\"339af545264\" data-module=\"DSLC_Text_Simple\" data-dslc-module-size=\"12\" data-dslc-anim=\"none\" data-dslc-anim-delay=\"0\" data-dslc-anim-duration=\"650\"  data-dslc-anim-easing=\"ease\" data-dslc-preset=\"none\" >\n<div class=\"dslc-text-module-content\">\n<h2>Beschreibung<\/h2>\n<h3>SEO-Service f\u00fcr einen Monat f\u00fcr $235<\/h3>\n<p><\/p>\n<p>Je nach gegebenem Website-Level von\u00a0<strong>Autorit\u00e4t und Optimierung<\/strong>, w\u00e4hlen wir einen geeigneten Satz von Aktionen aus.<\/p>\n<p class=\"has-background\" style=\"background-color:#d8ffcc; padding-left:16px; padding-top:16px; padding-bottom:16px\"><strong>A<\/strong>\u00a0- Die Qualit\u00e4t und Optimierung der Website sind\u00a0<strong>- HOCH<\/strong><\/p>\n<p class=\"has-background\" style=\"background-color:#ffffb3; padding-left:16px; padding-top:16px; padding-bottom:16px\"><strong>B<\/strong>\u00a0- Die Qualit\u00e4t und Optimierung der Website sind\u00a0<strong>- MITTEL<\/strong><\/p>\n<p class=\"has-background\" style=\"background-color:#ffd6cc; padding-left:16px; padding-top:16px; padding-bottom:16px\"><strong>C<\/strong>\u00a0- Die Qualit\u00e4t und Optimierung der Website sind<strong>\u00a0- NIEDRIG<\/strong><\/p>\n<p><\/p>\n<p><strong>Was wir f\u00fcr jede uns zugewiesene Projektebene tun werden:<\/strong><\/p>\n<p class=\"has-background\" style=\"background-color:#d8ffcc; padding-left:16px; padding-top:16px; padding-bottom:16px\"><strong>A-Level<\/strong>:<br \/>1) automatische w\u00f6chentliche Pr\u00fcfung, Seiten <strong>\u2014 5000<\/strong><br \/>2) Monatlicher CHECK der technischen SEO-Parameter\/Fehler bis <strong>\u2014 50<\/strong><br \/>3) Monatlicher FIX technischer SEO-Parameter\/Fehler bis zu <strong>\u2014 50<\/strong><br \/>4) Monatlicher FIX der technischen SEO-Parameter\/Fehler f\u00fcr die Anzahl der Seiten <strong>\u2014 10<\/strong><br \/>5) t\u00e4gliches Ranking-Tracking f\u00fcr Google, Yahoo und Bing f\u00fcr ein Land\/eine Region, Anzahl der Schl\u00fcsselw\u00f6rter <strong>\u2014 10<\/strong><br \/>6) monatliche Gastbeitr\u00e4ge <strong>\u2014 1<\/strong><br \/>7) w\u00f6chentliche Postings: kleine textliche thematische Backlinks und\/oder lokale Zitate und\/oder Forum-Postings und\/oder Profilerstellung <strong>\u2014 0<\/strong><\/p>\n<p class=\"has-background\" style=\"background-color:#ffffb3; padding-left:16px; padding-top:16px; padding-bottom:16px\"><strong>B-Niveau:<\/strong><br \/>1) automatische w\u00f6chentliche Pr\u00fcfung, Seiten \u2014 <strong>2500<\/strong><br \/>2) Monatlicher CHECK der technischen SEO-Parameter\/Fehler bis zu \u2014 <strong>100<\/strong><br \/>3) Monatlicher FIX technischer SEO-Parameter\/Fehler bis zu \u2014 <strong>100<\/strong><br \/>4) Monatlicher FIX der technischen SEO-Parameter\/Fehler f\u00fcr die Anzahl der Seiten \u2014 <strong>10<\/strong><br \/>5) t\u00e4gliches Ranking-Tracking f\u00fcr Google, Yahoo und Bing f\u00fcr ein Land\/eine Region, Anzahl der Schl\u00fcsselw\u00f6rter \u2013 <strong>10<\/strong><br \/>6) monatliche Gastbeitr\u00e4ge \u2014 <strong>1<\/strong><br \/>7) w\u00f6chentliche Postings: kleine thematische Backlinks und\/oder lokale Zitate und\/oder Forenbeitr\u00e4ge und\/oder Profilerstellung \u2013 <strong>25<\/strong><\/p>\n<p class=\"has-background\" style=\"background-color:#ffd6cc; padding-left:16px; padding-top:16px; padding-bottom:16px\"><strong>C-Stufe:<\/strong><br \/>1) automatische w\u00f6chentliche Pr\u00fcfung, Seiten \u2014 <strong>1000<\/strong><br \/>2) Monatlicher CHECK der technischen SEO-Parameter\/Fehler bis zu \u2014 <strong>250<\/strong><br \/>3) Monatlicher FIX technischer SEO-Parameter\/Fehler bis zu \u2014 <strong>250<\/strong><br \/>4) Monatlicher FIX der technischen SEO-Parameter\/Fehler f\u00fcr die Anzahl der Seiten \u2014 <strong>10<\/strong><br \/>5) t\u00e4gliches Ranking-Tracking f\u00fcr Google, Yahoo und Bing f\u00fcr ein Land\/eine Region, Anzahl der Schl\u00fcsselw\u00f6rter \u2013 <strong>10<\/strong><br \/>6) monatliche Gastbeitr\u00e4ge \u2014<strong> 1<\/strong><br \/>7) w\u00f6chentliche Postings: kleine thematische Backlinks und\/oder lokale Zitate und\/oder Forenbeitr\u00e4ge und\/oder Profilerstellung \u2013 <strong>50<\/strong><\/p>\n<p><\/p>\n<h3>Weitere Informationen:\u00a0<\/h3>\n<p>1) Wir w\u00e4hlen die richtigen Schl\u00fcsselw\u00f6rter basierend auf dem Wettbewerbsniveau und den Gesch\u00e4ftsm\u00f6glichkeiten unseres Kunden aus.<br \/>2) Wir f\u00fchren eine Inhaltsoptimierung basierend auf den ausgew\u00e4hlten Schl\u00fcsselw\u00f6rtern durch.<br \/>3) Wir verbinden (falls nicht vorhanden) die Site des Kunden mit der Google Search Console und analysieren die Probleme, die mit der Website aus der Sicht von Google auftreten.<br \/>4) Um Ihre Statistiken zu analysieren und Leistungsm\u00e4ngel zu ermitteln, ist es notwendig, uns Zugriff auf Google Analytics zu gew\u00e4hren. Sofern wir Zugriff haben, k\u00f6nnen wir Google Analytics selbst installieren.<br \/>5) Unser w\u00f6chentliches Audit ist online und rund um die Uhr f\u00fcr den Kunden verf\u00fcgbar. Es zeigt die wichtigsten Probleme mit der Site und die aktuellen Rankings bei Google, Yahoo und Bing.<br \/>6) Das Paket beinhaltet eine Beratung zu SEO- und Internet-Marketing-Themen.<\/p>\n<p>Dieser Service wird in allen wichtigen Sprachen angeboten.<\/p>\n<p>Wir arbeiten nicht mit unmoralischen (Erwachsenen-, Escort-, Gl\u00fccksspiel-, Tabak-, Alkohol-, Drogen-) und anderen problematischen\/illegalen Inhalten!<\/p>\n<\/p><\/div>\n<\/p><\/div>\n<p><!-- .dslc-module -->\n\t\t<\/div>\n<\/div>\n<\/div>\n<\/div>\n<\/div><\/div>","protected":false},"excerpt":{"rendered":"<p>\u2190 Back to SEO Packages \"SEO-10\" Service For Your Website During 30 Days Buy this package Description SEO service for one month for $235 According to the given website level of\u00a0authority and optimization, we select a proper set of actions. A\u00a0- website's quality and optimization are\u00a0- HIGH B\u00a0- website's quality and optimization are\u00a0- MEDIUM C\u00a0- [&hellip;]<\/p>\n","protected":false},"author":2,"featured_media":0,"parent":0,"menu_order":0,"comment_status":"closed","ping_status":"closed","template":"","meta":{"footnotes":""},"class_list":["post-101612","page","type-page","status-publish","hentry"],"aioseo_notices":[],"_links":{"self":[{"href":"https:\/\/milloret.com\/de\/wp-json\/wp\/v2\/pages\/101612","targetHints":{"allow":["GET"]}}],"collection":[{"href":"https:\/\/milloret.com\/de\/wp-json\/wp\/v2\/pages"}],"about":[{"href":"https:\/\/milloret.com\/de\/wp-json\/wp\/v2\/types\/page"}],"author":[{"embeddable":true,"href":"https:\/\/milloret.com\/de\/wp-json\/wp\/v2\/users\/2"}],"replies":[{"embeddable":true,"href":"https:\/\/milloret.com\/de\/wp-json\/wp\/v2\/comments?post=101612"}],"version-history":[{"count":1,"href":"https:\/\/milloret.com\/de\/wp-json\/wp\/v2\/pages\/101612\/revisions"}],"predecessor-version":[{"id":101614,"href":"https:\/\/milloret.com\/de\/wp-json\/wp\/v2\/pages\/101612\/revisions\/101614"}],"wp:attachment":[{"href":"https:\/\/milloret.com\/de\/wp-json\/wp\/v2\/media?parent=101612"}],"curies":[{"name":"wp","href":"https:\/\/api.w.org\/{rel}","templated":true}]}}